{"id":867,"date":"2019-04-19T15:18:19","date_gmt":"2019-04-19T15:18:19","guid":{"rendered":"https:\/\/www.pep-international.nl\/?page_id=867"},"modified":"2020-12-25T17:57:55","modified_gmt":"2020-12-25T16:57:55","slug":"about-us","status":"publish","type":"page","link":"https:\/\/www.pep-international.nl\/de\/about-us\/","title":{"rendered":"\u00dcber uns"},"content":{"rendered":"<p>[vc_row][vc_column][vc_column_text]<\/p>\r\n<p>Die Niederlande und insbesondere die Randstad Region sind seit jeher ein Anziehungspunkt f\u00fcr internationale Unternehmen, Organisation, Arbeitnehmer und Studenten. Obwohl Menschen mit einer anderen kulturellen Herkunft ein vielfach h\u00f6heres Risiko haben unter eine psychischen Erkrankung zu leiden, ist es gerade f\u00fcr diese Gruppe oftmals \u00e4u\u00dferst schwer Therapeuten zu finden, die Therapie in einer anderen Sprache als Niederl\u00e4ndisch anbieten. H\u00e4ufig werden sie zus\u00e4tzlich noch mit sehr langen Wartezeiten konfrontiert. Wir bei PEP International finden diesen Zustand unhaltbar und wollen unseren Teil zu einer Ver\u00e4nderung beitragen.<\/p>\r\n<h4>\u00a0<\/h4>\r\n<h4>Mission<\/h4>\r\n<p>PEP International will die Situation von Klienten mit einem anderen kulturellen Hintergrund nicht nur durch das Anbieten von neuen Therapiepl\u00e4tzen verbessern. Zus\u00e4tzlich tragen wir auch unseren Teil dazu bei das Netzwerk der Organisationen die Kontakt mit internationalen Klienten stehen zu optimieren mit dem Ziel, dass diese Klientengruppe schneller ben\u00f6tigte Hilfe erhalten kann.<\/p>\r\n<p>&nbsp;<\/p>\r\n<h4>An wen richtet sich unser Angebot?<\/h4>\r\n<p>PEP International wendet sich mit seinem Therapieangebot zentral an<br \/>&#8211; Internationale Studenten<br \/>&#8211; Expats und ihre Kinder<br \/>&#8211; Allgemein alle Klienten mit einem anderen kulturellen Hintergrund die in den Niederlanden leben<\/p>\r\n<p>&nbsp;<\/p>\r\n<h4>Was k\u00f6nnen wir Ihnen bieten?<\/h4>\r\n<p>In erster Linie werden Ihnen bei PEP International effektive und zielorientierente Kurzzeitbehandlungen f\u00fcr psychologische Probleme geboten, die relativ schnell behandelt werden k\u00f6nnen (BGGZ) und zum Beispiel das Resultat von l\u00e4ngerem, arbeitsbedingten Stress sein k\u00f6nnen. Zus\u00e4tzlich bieten wir auch Langzeitbehandlungen (SGGZ) an f\u00fcr psychische Schwierigkeiten die eine intensivere Arbeit ben\u00f6tigen. Neben Behandlungen f\u00fchren wir auch Untersuchungen durch, zum Beispiel um beantworten zu k\u00f6nnen ob eine AD(H)S oder Autismus Diagnose gestellt werden kann. In diesem Fall besprechen wir mit Ihnen auch m\u00f6gliche weitere Schritte.<\/p>\r\n<p>&nbsp;<\/p>\r\n<h4>Wartezeiten<\/h4>\r\n<p>Unser Ziel ist es mit m\u00f6glichst kurzen Wartelisten zu arbeiten. Momentan m\u00fcssen sie ungef\u00e4hr eine Woche auf ein Intake warten. Eine Behandlung kann jedoch bereits sehr kurz hiernach beginnen.<\/p>\r\n<p>&nbsp;<\/p>\r\n<h4>What are the costs?<\/h4>\r\n<p>In einem Gro\u00dfteil der F\u00e4lle verg\u00fctet ihre niederl\u00e4ndische oder internationale Krankenversicherung die Kosten von pszchotherapeutischer Behandlung. Sollten Sie f\u00fcr die Behandlung nicht versichert sein oder m\u00f6chten sie aus pers\u00f6nlichen Gr\u00fcnden selbst die Kosten tragen, werden Ihnen die von der niederl\u00e4ndischen Gesundheitsbeh\u00f6rde (NZA) festgelegten Tarife in Rechnung gestellt.<\/p>\r\n<p>&nbsp;<\/p>\r\n<h4>Das PEP International Team<\/h4>\r\n<p>Alle Therapeuten bei PEP International haben eine Ausbildung und ein Diplom einer niederl\u00e4ndischen Universit\u00e4t erhalten. Die Psychologen bieten Ihnen die M\u00f6glichkeit die Therapiegespr\u00e4che entweder in deren Muttersprache (momentan Deutsch, Franz\u00f6sisch oder T\u00fcrkisch) oder auf Englisch zu f\u00fchren. Unsere Therapeuten sind so wie Sie ebenfalls nicht in den Niederlanden aufgewachsen und k\u00f6nnen sich daher gut in ihre Situation einf\u00fchlen. Wir arbeiten unter der Schirmherrschaft der seit langem etablierten PEP Groep in Noordwijk.<\/p>\r\n<p>\u00a0<\/p>\r\n<p>[\/vc_column_text][\/vc_column][\/vc_row]<\/p>","protected":false},"excerpt":{"rendered":"<p>[vc_row][vc_column][vc_column_text] Die Niederlande und insbesondere die Randstad Region sind seit jeher ein Anziehungspunkt f\u00fcr internationale Unternehmen, Organisation, Arbeitnehmer und Studenten. Obwohl Menschen mit einer anderen kulturellen Herkunft ein vielfach h\u00f6heres Risiko haben unter eine psychischen Erkrankung zu leiden, ist es gerade f\u00fcr diese Gruppe oftmals \u00e4u\u00dferst schwer Therapeuten zu finden, die Therapie in einer anderen&hellip;<\/p>\n","protected":false},"author":1,"featured_media":0,"parent":0,"menu_order":0,"comment_status":"closed","ping_status":"closed","template":"","meta":[],"_links":{"self":[{"href":"https:\/\/www.pep-international.nl\/de\/wp-json\/wp\/v2\/pages\/867"}],"collection":[{"href":"https:\/\/www.pep-international.nl\/de\/wp-json\/wp\/v2\/pages"}],"about":[{"href":"https:\/\/www.pep-international.nl\/de\/wp-json\/wp\/v2\/types\/page"}],"author":[{"embeddable":true,"href":"https:\/\/www.pep-international.nl\/de\/wp-json\/wp\/v2\/users\/1"}],"replies":[{"embeddable":true,"href":"https:\/\/www.pep-international.nl\/de\/wp-json\/wp\/v2\/comments?post=867"}],"version-history":[{"count":40,"href":"https:\/\/www.pep-international.nl\/de\/wp-json\/wp\/v2\/pages\/867\/revisions"}],"predecessor-version":[{"id":1161,"href":"https:\/\/www.pep-international.nl\/de\/wp-json\/wp\/v2\/pages\/867\/revisions\/1161"}],"wp:attachment":[{"href":"https:\/\/www.pep-international.nl\/de\/wp-json\/wp\/v2\/media?parent=867"}],"curies":[{"name":"wp","href":"https:\/\/api.w.org\/{rel}","templated":true}]}}